{"id":18,"date":"2015-05-07T06:44:24","date_gmt":"2015-05-07T06:44:24","guid":{"rendered":"http:\/\/fuge.biz\/?page_id=18"},"modified":"2016-07-22T19:23:19","modified_gmt":"2016-07-22T19:23:19","slug":"impressum","status":"publish","type":"page","link":"https:\/\/fuge.biz\/?page_id=18","title":{"rendered":"Impressum"},"content":{"rendered":"<h6>Angaben gem. \u00a7 5 TMG:<\/h6>\n<p>Denny Fuge<br \/>\nkontakt@fuge.biz<\/p>\n<h6>Zust\u00e4ndige Aufsichtsbeh\u00f6rden:<\/h6>\n<p>Handwerkskammer Hannover, Berliner Allee 17, 30175 Hannover<br \/>\nGewerbeamt Hannover, Leinstra\u00dfe 14, 30159 Hannover<\/p>\n<h6>Haftungsausschluss:<br \/>\nHaftung f\u00fcr Inhalte<\/h6>\n<p>Die Inhalte unserer Seiten wurden mit gr\u00f6\u00dfter Sorgfalt erstellt. F\u00fcr die Richtigkeit, Vollst\u00e4ndigkeit und Aktualit\u00e4t der Inhalte k\u00f6nnen wir jedoch keine Gew\u00e4hr<br \/>\n\u00fcbernehmen. Als Diensteanbieter sind wir gem\u00e4\u00df \u00a7 7 Abs.1 TMG f\u00fcr eigene Inhalte auf diesen Seiten nach den allgemeinen Gesetzen verantwortlich. Nach \u00a7\u00a7 8 bis 10 TMG<br \/>\nsind wir als Diensteanbieter jedoch nicht verpflichtet, \u00fcbermittelte oder gespeicherte fremde Informationen zu \u00fcberwachen oder nach Umst\u00e4nden zu forschen, die auf eine<br \/>\nrechtswidrige T\u00e4tigkeit hinweisen. Verpflichtungen zur Entfernung oder Sperrung der Nutzung von Informationen nach den allgemeinen Gesetzen bleiben hiervon unber\u00fchrt.<br \/>\nEine diesbez\u00fcgliche Haftung ist jedoch erst ab dem Zeitpunkt der Kenntnis einer konkreten Rechtsverletzung m\u00f6glich. Beim Bekanntwerden von entsprechenden<br \/>\nRechtsverletzungen werden wir diese Inhalte umgehend entfernen.<\/p>\n<h6>Haftung f\u00fcr Links<\/h6>\n<p>Unser Angebot enth\u00e4lt Links zu externen Webseiten Dritter, auf deren Inhalte wir keinen Einfluss haben. Deshalb k\u00f6nnen wir f\u00fcr diese fremden Inhalte auch keine Gew\u00e4hr<br \/>\n\u00fcbernehmen. F\u00fcr die Inhalte der verlinkten Seiten ist der jeweilige Anbieter oder Betreiber der Seiten verantwortlich. Die verlinkten Seiten wurden zum Zeitpunkt der<br \/>\nVerlinkung auf m\u00f6gliche Rechtsverst\u00f6\u00dfe \u00fcberpr\u00fcft. Rechtswidrige Inhalte waren zum Zeitpunkt der Verlinkung nicht erkennbar. Eine permanente inhaltliche Kontrolle der<br \/>\nverlinkten Seiten ist jedoch ohne konkrete Anhaltspunkte einer Rechtsverletzung nicht zuzumuten. Beim Bekanntwerden von Rechtsverletzungen werden wir derartige Links<br \/>\numgehend entfernen.<\/p>\n<h6>Fotos und Abbildungen<\/h6>\n<p>F\u00fcr alle auf dieser Webpage pr\u00e4sentierten Fotos und Abbildungen gilt: Das Urheberrecht liegt bei den jeweiligen Autoren. Eine Verwendung der auf dieser Webpage<br \/>\npr\u00e4sentierten Fotos und Abbildungen durch Dritte ist ohne schriftlich vorliegende Genehmigung der Fotografin \/ des Fotografen ausdr\u00fccklich untersagt.<\/p>\n<h6>Urheberrecht<\/h6>\n<p>Die durch die Seitenbetreiber erstellten Inhalte, Werke und Fotos auf diesen Seiten unterliegen dem deutschen Urheberrecht. Das gilt insbesondere f\u00fcr das Recht am<br \/>\neigenen Bild nach \u00a7 22 und \u00a7 23 KUG. Die Vervielf\u00e4ltigung, Bearbeitung, Verbreitung der Fotos und jede Art der Verwertung au\u00dferhalb der Grenzen des Urheberrechtes<br \/>\nbed\u00fcrfen der schriftlichen Zustimmung des jeweiligen Autors bzw. Erstellers. Downloads und Kopien dieser Seite sind nur f\u00fcr den privaten, nicht kommerziellen Gebrauch<br \/>\ngestattet. Soweit die Inhalte auf dieser Seite nicht vom Betreiber erstellt wurden, werden die Urheberrechte Dritter beachtet. Insbesondere werden Inhalte Dritter als<br \/>\nsolche gekennzeichnet. Sollten Sie trotzdem auf eine Urheberrechtsverletzung aufmerksam werden, bitten wir um einen entsprechenden Hinweis. Beim Bekanntwerden von<br \/>\nRechtsverletzungen werden wir derartige Inhalte umgehend entfernen.<\/p>\n<h6>Datenschutz<\/h6>\n<p>Die Nutzung unserer Webseite ist in der Regel ohne Angabe personenbezogener Daten m\u00f6glich. Soweit auf unseren Seiten personenbezogene Daten (beispielsweise Name,<br \/>\nAnschrift oder E-Mail-Adressen) erhoben werden, erfolgt dies, soweit m\u00f6glich, stets auf freiwilliger Basis. Diese Daten werden ohne Ihre ausdr\u00fcckliche Zustimmung nicht<br \/>\nan Dritte weitergegeben.<br \/>\nEs wird darauf hingewiesen, dass die Daten\u00fcbertragung im Internet (z.B. bei der Kommunikation per E-Mail) Sicherheitsl\u00fccken aufweisen kann. Ein l\u00fcckenloser Schutz der<br \/>\nDaten vor dem Zugriff durch Dritte ist nicht m\u00f6glich.<\/p>\n<p>Der Nutzung von im Rahmen der Impressumspflicht ver\u00f6ffentlichten Kontaktdaten durch Dritte zur \u00dcbersendung von nicht ausdr\u00fccklich angeforderter Werbung und<br \/>\nInformationsmaterialien wird hiermit ausdr\u00fccklich widersprochen. Die Betreiber der Seiten behalten sich ausdr\u00fccklich rechtliche Schritte im Falle der unverlangten<br \/>\nZusendung von Werbeinformationen, etwa durch Spam-Mails, vor.<\/p>\n","protected":false},"excerpt":{"rendered":"<p>Angaben gem. \u00a7 5 TMG: Denny Fuge kontakt@fuge.biz Zust\u00e4ndige Aufsichtsbeh\u00f6rden: Handwerkskammer Hannover,&hellip;<\/p>\n","protected":false},"author":1,"featured_media":0,"parent":0,"menu_order":4,"comment_status":"closed","ping_status":"closed","template":"","meta":{"footnotes":""},"_links":{"self":[{"href":"https:\/\/fuge.biz\/index.php?rest_route=\/wp\/v2\/pages\/18"}],"collection":[{"href":"https:\/\/fuge.biz\/index.php?rest_route=\/wp\/v2\/pages"}],"about":[{"href":"https:\/\/fuge.biz\/index.php?rest_route=\/wp\/v2\/types\/page"}],"author":[{"embeddable":true,"href":"https:\/\/fuge.biz\/index.php?rest_route=\/wp\/v2\/users\/1"}],"replies":[{"embeddable":true,"href":"https:\/\/fuge.biz\/index.php?rest_route=%2Fwp%2Fv2%2Fcomments&post=18"}],"version-history":[{"count":3,"href":"https:\/\/fuge.biz\/index.php?rest_route=\/wp\/v2\/pages\/18\/revisions"}],"predecessor-version":[{"id":209,"href":"https:\/\/fuge.biz\/index.php?rest_route=\/wp\/v2\/pages\/18\/revisions\/209"}],"wp:attachment":[{"href":"https:\/\/fuge.biz\/index.php?rest_route=%2Fwp%2Fv2%2Fmedia&parent=18"}],"curies":[{"name":"wp","href":"https:\/\/api.w.org\/{rel}","templated":true}]}}