{"id":107,"date":"2015-06-11T07:05:55","date_gmt":"2015-06-11T07:05:55","guid":{"rendered":"http:\/\/fuge.biz\/?page_id=107"},"modified":"2015-07-25T16:38:21","modified_gmt":"2015-07-25T16:38:21","slug":"kinderfotos","status":"publish","type":"page","link":"https:\/\/fuge.biz\/?page_id=107","title":{"rendered":"Kinderfotos"},"content":{"rendered":"<p style=\"text-align: center;\">Es gibt nichts sch\u00f6neres als ein Kinderl\u00e4cheln!<\/p>\n<p style=\"text-align: center;\">Kinder erinnern uns an uns selbst, an unsere eigene Vergangenheit. Mit Verstand und Herz k\u00f6nnen sie die sch\u00f6nsten\u00a0Gef\u00fchle ausl\u00f6sen. Mit gef\u00fchlvollen Fotos m\u00f6chte ich\u00a0diese quirlige Energie f\u00fcr Dich festhalten.<\/p>\n<p style=\"text-align: center;\">kontakt@fuge.biz<\/p>\n<p><br class=\"clear\" \/><br \/>\n<br class=\"clear\" \/><\/p>\n<hr \/>\n<p><br class=\"clear\" \/><br \/>\n<img loading=\"lazy\" decoding=\"async\" class=\"aligncenter size-full wp-image-71\" src=\"https:\/\/fuge.biz\/wp-content\/uploads\/IMG_6806.jpg\" alt=\"\" width=\"667\" height=\"1000\" srcset=\"https:\/\/fuge.biz\/wp-content\/uploads\/IMG_6806.jpg 667w, https:\/\/fuge.biz\/wp-content\/uploads\/IMG_6806-200x300.jpg 200w\" sizes=\"(max-width: 667px) 100vw, 667px\" \/><br \/>\n<img loading=\"lazy\" decoding=\"async\" class=\"aligncenter size-full wp-image-70\" src=\"https:\/\/fuge.biz\/wp-content\/uploads\/IMG_6735.jpg\" alt=\"\" width=\"667\" height=\"1000\" srcset=\"https:\/\/fuge.biz\/wp-content\/uploads\/IMG_6735.jpg 667w, https:\/\/fuge.biz\/wp-content\/uploads\/IMG_6735-200x300.jpg 200w\" sizes=\"(max-width: 667px) 100vw, 667px\" \/><br \/>\n<img loading=\"lazy\" decoding=\"async\" class=\"aligncenter size-full wp-image-69\" src=\"https:\/\/fuge.biz\/wp-content\/uploads\/IMG_6677.jpg\" alt=\"\" width=\"667\" height=\"1000\" srcset=\"https:\/\/fuge.biz\/wp-content\/uploads\/IMG_6677.jpg 667w, https:\/\/fuge.biz\/wp-content\/uploads\/IMG_6677-200x300.jpg 200w\" sizes=\"(max-width: 667px) 100vw, 667px\" \/><br \/>\n<br class=\"clear\" \/><br \/>\n<br class=\"clear\" \/><\/p>\n","protected":false},"excerpt":{"rendered":"<p>Es gibt nichts sch\u00f6neres als ein Kinderl\u00e4cheln! Kinder erinnern uns an uns&hellip;<\/p>\n","protected":false},"author":1,"featured_media":0,"parent":0,"menu_order":3,"comment_status":"closed","ping_status":"closed","template":"","meta":{"footnotes":""},"_links":{"self":[{"href":"https:\/\/fuge.biz\/index.php?rest_route=\/wp\/v2\/pages\/107"}],"collection":[{"href":"https:\/\/fuge.biz\/index.php?rest_route=\/wp\/v2\/pages"}],"about":[{"href":"https:\/\/fuge.biz\/index.php?rest_route=\/wp\/v2\/types\/page"}],"author":[{"embeddable":true,"href":"https:\/\/fuge.biz\/index.php?rest_route=\/wp\/v2\/users\/1"}],"replies":[{"embeddable":true,"href":"https:\/\/fuge.biz\/index.php?rest_route=%2Fwp%2Fv2%2Fcomments&post=107"}],"version-history":[{"count":9,"href":"https:\/\/fuge.biz\/index.php?rest_route=\/wp\/v2\/pages\/107\/revisions"}],"predecessor-version":[{"id":191,"href":"https:\/\/fuge.biz\/index.php?rest_route=\/wp\/v2\/pages\/107\/revisions\/191"}],"wp:attachment":[{"href":"https:\/\/fuge.biz\/index.php?rest_route=%2Fwp%2Fv2%2Fmedia&parent=107"}],"curies":[{"name":"wp","href":"https:\/\/api.w.org\/{rel}","templated":true}]}}